{"id":2620,"date":"2015-11-11T05:41:02","date_gmt":"2015-11-11T04:41:02","guid":{"rendered":"https:\/\/frank-haase-design.de\/galerie\/plastik\/kreisel-oestrich\/"},"modified":"2020-11-18T12:48:52","modified_gmt":"2020-11-18T11:48:52","slug":"kreisel-oestrich","status":"publish","type":"page","link":"https:\/\/frank-haase-design.de\/en\/galerie\/plastik\/kreisel-oestrich\/","title":{"rendered":"Kreisel Oestrich"},"content":{"rendered":"<div class=\"fusion-fullwidth fullwidth-box fusion-builder-row-1 hundred-percent-fullwidth non-hundred-percent-height-scrolling\" style=\"--awb-border-radius-top-left:0px;--awb-border-radius-top-right:0px;--awb-border-radius-bottom-right:0px;--awb-border-radius-bottom-left:0px;--awb-overflow:visible;--awb-flex-wrap:wrap;\" ><div class=\"fusion-builder-row fusion-row\"><div class=\"fusion-layout-column fusion_builder_column fusion-builder-column-0 fusion_builder_column_1_1 1_1 fusion-one-full fusion-column-first fusion-column-last\" style=\"--awb-bg-size:cover;\"><div class=\"fusion-column-wrapper fusion-flex-column-wrapper-legacy\"><div class=\"fusion-image-element in-legacy-container\" style=\"--awb-caption-title-font-family:var(--h2_typography-font-family);--awb-caption-title-font-weight:var(--h2_typography-font-weight);--awb-caption-title-font-style:var(--h2_typography-font-style);--awb-caption-title-size:var(--h2_typography-font-size);--awb-caption-title-transform:var(--h2_typography-text-transform);--awb-caption-title-line-height:var(--h2_typography-line-height);--awb-caption-title-letter-spacing:var(--h2_typography-letter-spacing);\"><span class=\" fusion-imageframe imageframe-none imageframe-1 hover-type-none\"><img decoding=\"async\" src=\"http:\/\/frank-haase-design.de\/wp-content\/uploads\/2015\/11\/Kreisel_Oestrich_01.jpg\" alt class=\"img-responsive\"\/><\/span><\/div><div class=\"fusion-clearfix\"><\/div><\/div><\/div><div class=\"fusion-layout-column fusion_builder_column fusion-builder-column-1 fusion_builder_column_1_1 1_1 fusion-one-full fusion-column-first fusion-column-last\" style=\"--awb-bg-size:cover;\"><div class=\"fusion-column-wrapper fusion-flex-column-wrapper-legacy\"><div class=\"fusion-image-carousel fusion-image-carousel-auto fusion-image-carousel-1 lightbox-enabled fusion-carousel-border\"><div class=\"awb-carousel awb-swiper awb-swiper-carousel\" data-autoplay=\"no\" data-columns=\"6\" data-itemmargin=\"13\" data-itemwidth=\"180\" data-touchscroll=\"no\" data-imagesize=\"auto\" style=\"--awb-columns:6;\"><div class=\"swiper-wrapper awb-image-carousel-wrapper fusion-flex-align-items-center\"><div class=\"swiper-slide\"><div class=\"fusion-carousel-item-wrapper\"><div class=\"fusion-image-wrapper hover-type-zoomin\"><a data-rel=\"iLightbox[image_carousel_1]\" href=\"http:\/\/frank-haase-design.de\/wp-content\/uploads\/2015\/11\/Kreisel_Oestrich_02.jpg\" target=\"_self\"><img decoding=\"async\" src=\"http:\/\/frank-haase-design.de\/wp-content\/uploads\/2015\/11\/Kreisel_Oestrich_02.jpg\" alt=\"\"\/><\/a><\/div><\/div><\/div><div class=\"swiper-slide\"><div class=\"fusion-carousel-item-wrapper\"><div class=\"fusion-image-wrapper hover-type-zoomin\"><a data-rel=\"iLightbox[image_carousel_1]\" href=\"http:\/\/frank-haase-design.de\/wp-content\/uploads\/2015\/11\/Oestrich_Kreisel_03.jpg\" target=\"_self\"><img decoding=\"async\" src=\"http:\/\/frank-haase-design.de\/wp-content\/uploads\/2015\/11\/Oestrich_Kreisel_03.jpg\" alt=\"\"\/><\/a><\/div><\/div><\/div><div class=\"swiper-slide\"><div class=\"fusion-carousel-item-wrapper\"><div class=\"fusion-image-wrapper hover-type-zoomin\"><a data-rel=\"iLightbox[image_carousel_1]\" href=\"http:\/\/frank-haase-design.de\/wp-content\/uploads\/2015\/11\/Oestrich_Kreisel_04.jpg\" target=\"_self\"><img decoding=\"async\" src=\"http:\/\/frank-haase-design.de\/wp-content\/uploads\/2015\/11\/Oestrich_Kreisel_04.jpg\" alt=\"\"\/><\/a><\/div><\/div><\/div><div class=\"swiper-slide\"><div class=\"fusion-carousel-item-wrapper\"><div class=\"fusion-image-wrapper hover-type-zoomin\"><a data-rel=\"iLightbox[image_carousel_1]\" href=\"http:\/\/frank-haase-design.de\/wp-content\/uploads\/2015\/11\/Oestrich_Kreisel_05.jpg\" target=\"_self\"><img decoding=\"async\" src=\"http:\/\/frank-haase-design.de\/wp-content\/uploads\/2015\/11\/Oestrich_Kreisel_05.jpg\" alt=\"\"\/><\/a><\/div><\/div><\/div><div class=\"swiper-slide\"><div class=\"fusion-carousel-item-wrapper\"><div class=\"fusion-image-wrapper hover-type-zoomin\"><a data-rel=\"iLightbox[image_carousel_1]\" href=\"http:\/\/frank-haase-design.de\/wp-content\/uploads\/2015\/11\/Oestrich_Kreisel_06.jpg\" target=\"_self\"><img decoding=\"async\" src=\"http:\/\/frank-haase-design.de\/wp-content\/uploads\/2015\/11\/Oestrich_Kreisel_06.jpg\" alt=\"\"\/><\/a><\/div><\/div><\/div><div class=\"swiper-slide\"><div class=\"fusion-carousel-item-wrapper\"><div class=\"fusion-image-wrapper hover-type-zoomin\"><a data-rel=\"iLightbox[image_carousel_1]\" href=\"http:\/\/frank-haase-design.de\/wp-content\/uploads\/2015\/11\/Oestrich_Kreisel_07.jpg\" target=\"_self\"><img decoding=\"async\" src=\"http:\/\/frank-haase-design.de\/wp-content\/uploads\/2015\/11\/Oestrich_Kreisel_07.jpg\" alt=\"\"\/><\/a><\/div><\/div><\/div><\/div><div class=\"awb-swiper-button awb-swiper-button-prev\"><i class=\"awb-icon-angle-left\" aria-hidden=\"true\"><\/i><\/div><div class=\"awb-swiper-button awb-swiper-button-next\"><i class=\"awb-icon-angle-right\" aria-hidden=\"true\"><\/i><\/div><\/div><\/div><div class=\"fusion-clearfix\"><\/div><\/div><\/div><div class=\"fusion-layout-column fusion_builder_column fusion-builder-column-2 fusion_builder_column_1_1 1_1 fusion-one-full fusion-column-first fusion-column-last\" style=\"--awb-bg-size:cover;\"><div class=\"fusion-column-wrapper fusion-flex-column-wrapper-legacy\"><div class=\"fusion-text fusion-text-1\"><h2>Design for an art object for a roundabout<\/h2>\n<p>Frank Haase<br \/>\nDesign for an art object for a roundabout in Iserlohn-Oestrich<br \/>\nArt in public space: Cortenstahl, 2015<br \/>\n4 Stelen 110 x 220 cm<br \/>\n&#8211; Unrealized competition contribution &#8211;<\/p>\n<h4>Art object for a roundabout in Oestrich<\/h4>\n<p>Es ist mittlerweile zu einer \u00fcblichen Praxis geworden, den Freiraum von Kreisverkehren zur Installation von Kunstobjekten zu nutzen. Im Jahr 2012 beteiligte ich mich an einem Ideenwettbewerb zur Gestaltung des neuen &#8220;Kreisels&#8221; im Iserlohner Ortsteil Oestrich. Der Kreisverkehr an der Kreuzung am Autobahnzubringer zur A 46 stellt f\u00fcr Anreisende, sowohl \u00fcber die Autobahn als auch \u00fcber die B 236 aus dem Lennetal, ein Eingangsportal nach Oestrich dar. In dieser exponierten Lage \u00fcbernimmt der Kreisel die Funktion ein Stadttores, das eine deutlich sichtbare Abgrenzung zwischen innen und au\u00dfen, Ort und Umland darstellt.<\/p>\n<p>It has now become a common practice to use the space around roundabouts to install art objects. In 2012 I took part in an ideas competition for the design of the new &#8220;roundabout&#8221; in the Iserlohn district of Oestrich. The roundabout at the junction at the motorway feeder to the A 46 is an entrance portal to Oestrich for those arriving via the motorway as well as the B 236 from the Lennetal. In this exposed location, the roundabout takes on the function of a city gate, which is clearly visible delimitation between inside and outside, place and surrounding area.<\/p>\n<h4>Also attractive at night<\/h4>\n<p>Here is the chance to use an object to draw attention to the history of the village and its peculiarities and sights. The installation welcomes those arriving and becomes a final sign of the village, with which departing people are bid farewell on their journey. My suggestion was to install steles corresponding to the four roads leading to the roundabout. Steles are distinctive landmarks and are often associated with historical contexts. The surfaces were supposed to carry artistically processed scenes of Oestrich history and stylized representations of Oestrich buildings. Ideally, the images could have been backlit at night using energy-saving LED technology.<\/p>\n<h4>Comprehensive picture of village life<\/h4>\n<p>Um eine breite Akzeptanz in der \u00d6ffentlichkeit zu erzielen, sah der Entwurf die grafische Aufarbeitung zahlreicher Themen aus dem Dorf vor. So sollten beispielsweise beide Kirchen, die Appeltatenkirmes mit ihrer langen Geschichte, aber auch Vereine und andere Interessengemeinschaften ber\u00fccksichtigt und bildhaft dargestellt werden. Eben alles, was Oestrich als aktives und lebenswertes Dorf auszeichnet. So erz\u00e4hlen die Stelen bildhaft von der wechselvollen und langen Geschichte des Dorfes Oestrich &#8211; von den Rentierj\u00e4gern der Mittelsteinzeit \u00fcber die Ackerbauern, den Oestricher Goldfund und die Pestepedemie bis hin zur Gegenwart mit der Appeltatenkirmes, den Oestricher Vereinen und Institutionen. Die Auswahl der Themen sollte der Ortsring Oestrich organisieren &#8211; die Darstellungen auf den Abbildungen oben und unten stellen daher nur Beispiele dar, die f\u00fcr eine m\u00f6gliche Realisierung der Installation beliebig ersetzt oder erg\u00e4nzt werden sollten.<\/p>\n<p>In order to achieve broad public acceptance, the design provided for the graphic processing of numerous topics from the village. For example, both churches, the Appeltatenkirmes event with its long history, but also associations and other interest groups should be taken into account and represented graphically. Everything that distinguishes Oestrich as an active and livable village. The steles tell graphically of the eventful and long history of the village of Oestrich &#8211; from the reindeer hunters of the Mesolithic to the arable farmers, the Oestrich gold find and the plague epidemic to the present day with the Appeltatenkirmes, the Oestrich associations and institutions. The Oestrich &#8220;Ortsring&#8221; should organize the selection of topics &#8211; the representations in the images above and below are therefore only examples that should be replaced or supplemented as required for a possible implementation of the installation.<\/p>\n<h4>Simple implementation and maintenance-free technology<\/h4>\n<p>The technical implementation is simple. Welded steel frames are clad with corten steel plates on the front and back. The motifs, created as dxf files, serve as the basis for the laser cut. A company that masters this technology is located in the Oestrich area. Backlit, translucent PMMA panels can optionally be backlit with LED technology to give the top an attractive visual appearance even at night. The LED technology, also offered by domestic companies, is energy-saving, has a long service life and is maintenance-free.<\/p>\n<h4>Information board for explanation<\/h4>\n<p>To explain the motifs, I recommended installing a stainless steel information board at a suitable location on the sidewalk, on which the motifs are repeated and described in short texts. The draft just missed a majority in the vote and was therefore not implemented.<\/p>\n<\/div><div class=\"fusion-clearfix\"><\/div><\/div><\/div><div class=\"fusion-layout-column fusion_builder_column fusion-builder-column-3 fusion_builder_column_1_1 1_1 fusion-one-full fusion-column-first fusion-column-last\" style=\"--awb-bg-size:cover;\"><div class=\"fusion-column-wrapper fusion-flex-column-wrapper-legacy\"><div class=\"fusion-button-wrapper\"><a class=\"fusion-button button-flat fusion-button-default-size button-custom fusion-button-default button-1 fusion-button-default-span \" style=\"--button_accent_color:#000000;--button_accent_hover_color:#000000;--button_border_hover_color:#000000;--button_border_width-top:0px;--button_border_width-right:0px;--button_border_width-bottom:0px;--button_border_width-left:0px;--button-border-radius-top-left:0px;--button-border-radius-top-right:0px;--button-border-radius-bottom-right:0px;--button-border-radius-bottom-left:0px;--button_gradient_top_color:#ffffff;--button_gradient_bottom_color:#ffffff;--button_gradient_top_color_hover:#ffffff;--button_gradient_bottom_color_hover:#ffffff;\" target=\"_self\" href=\"..\/\"><i class=\"fa-angle-left fas button-icon-left\" aria-hidden=\"true\"><\/i><span class=\"fusion-button-text\">back to sculpture<\/span><\/a><\/div><div class=\"fusion-clearfix\"><\/div><\/div><\/div><div class=\"fusion-layout-column fusion_builder_column fusion-builder-column-4 fusion_builder_column_1_1 1_1 fusion-one-full fusion-column-first fusion-column-last\" style=\"--awb-bg-size:cover;\"><div class=\"fusion-column-wrapper fusion-flex-column-wrapper-legacy\"><div class=\"fusion-button-wrapper\"><a class=\"fusion-button button-flat fusion-button-default-size button-custom fusion-button-default button-2 fusion-button-default-span \" style=\"--button_accent_color:#000000;--button_accent_hover_color:#000000;--button_border_hover_color:#000000;--button_border_width-top:0px;--button_border_width-right:0px;--button_border_width-bottom:0px;--button_border_width-left:0px;--button-border-radius-top-left:0px;--button-border-radius-top-right:0px;--button-border-radius-bottom-right:0px;--button-border-radius-bottom-left:0px;--button_gradient_top_color:#ffffff;--button_gradient_bottom_color:#ffffff;--button_gradient_top_color_hover:#ffffff;--button_gradient_bottom_color_hover:#ffffff;\" target=\"_self\" href=\"..\/..\/\"><i class=\"fa-angle-left fas button-icon-left\" aria-hidden=\"true\"><\/i><span class=\"fusion-button-text\">back to gallery<\/span><\/a><\/div><div class=\"fusion-clearfix\"><\/div><\/div><\/div><\/div><\/div>\n","protected":false},"excerpt":{"rendered":"","protected":false},"author":2,"featured_media":0,"parent":2601,"menu_order":0,"comment_status":"closed","ping_status":"closed","template":"","meta":{"footnotes":""},"class_list":["post-2620","page","type-page","status-publish","hentry"],"yoast_head":"<!-- This site is optimized with the Yoast SEO plugin v24.3 - https:\/\/yoast.com\/wordpress\/plugins\/seo\/ -->\n<title>Kreisel Oestrich - Frank Haase Design<\/title>\n<meta name=\"robots\" content=\"index, follow, max-snippet:-1, max-image-preview:large, max-video-preview:-1\" \/>\n<link rel=\"canonical\" href=\"https:\/\/frank-haase-design.de\/en\/galerie\/plastik\/kreisel-oestrich\/\" \/>\n<meta property=\"og:locale\" content=\"en_US\" \/>\n<meta property=\"og:type\" content=\"article\" \/>\n<meta property=\"og:title\" content=\"Kreisel Oestrich - Frank Haase Design\" \/>\n<meta property=\"og:url\" content=\"https:\/\/frank-haase-design.de\/en\/galerie\/plastik\/kreisel-oestrich\/\" \/>\n<meta property=\"og:site_name\" content=\"Frank Haase Design\" \/>\n<meta property=\"article:modified_time\" content=\"2020-11-18T11:48:52+00:00\" \/>\n<meta property=\"og:image\" content=\"http:\/\/frank-haase-design.de\/wp-content\/uploads\/2015\/11\/Kreisel_Oestrich_01.jpg\" \/>\n<meta name=\"twitter:card\" content=\"summary_large_image\" \/>\n<meta name=\"twitter:label1\" content=\"Est. reading time\" \/>\n\t<meta name=\"twitter:data1\" content=\"7 minutes\" \/>\n<script type=\"application\/ld+json\" class=\"yoast-schema-graph\">{\"@context\":\"https:\/\/schema.org\",\"@graph\":[{\"@type\":\"WebPage\",\"@id\":\"https:\/\/frank-haase-design.de\/en\/galerie\/plastik\/kreisel-oestrich\/\",\"url\":\"https:\/\/frank-haase-design.de\/en\/galerie\/plastik\/kreisel-oestrich\/\",\"name\":\"Kreisel Oestrich - Frank Haase Design\",\"isPartOf\":{\"@id\":\"https:\/\/frank-haase-design.de\/#website\"},\"primaryImageOfPage\":{\"@id\":\"https:\/\/frank-haase-design.de\/en\/galerie\/plastik\/kreisel-oestrich\/#primaryimage\"},\"image\":{\"@id\":\"https:\/\/frank-haase-design.de\/en\/galerie\/plastik\/kreisel-oestrich\/#primaryimage\"},\"thumbnailUrl\":\"http:\/\/frank-haase-design.de\/wp-content\/uploads\/2015\/11\/Kreisel_Oestrich_01.jpg\",\"datePublished\":\"2015-11-11T04:41:02+00:00\",\"dateModified\":\"2020-11-18T11:48:52+00:00\",\"breadcrumb\":{\"@id\":\"https:\/\/frank-haase-design.de\/en\/galerie\/plastik\/kreisel-oestrich\/#breadcrumb\"},\"inLanguage\":\"en-US\",\"potentialAction\":[{\"@type\":\"ReadAction\",\"target\":[\"https:\/\/frank-haase-design.de\/en\/galerie\/plastik\/kreisel-oestrich\/\"]}]},{\"@type\":\"ImageObject\",\"inLanguage\":\"en-US\",\"@id\":\"https:\/\/frank-haase-design.de\/en\/galerie\/plastik\/kreisel-oestrich\/#primaryimage\",\"url\":\"http:\/\/frank-haase-design.de\/wp-content\/uploads\/2015\/11\/Kreisel_Oestrich_01.jpg\",\"contentUrl\":\"http:\/\/frank-haase-design.de\/wp-content\/uploads\/2015\/11\/Kreisel_Oestrich_01.jpg\"},{\"@type\":\"BreadcrumbList\",\"@id\":\"https:\/\/frank-haase-design.de\/en\/galerie\/plastik\/kreisel-oestrich\/#breadcrumb\",\"itemListElement\":[{\"@type\":\"ListItem\",\"position\":1,\"name\":\"Home\",\"item\":\"https:\/\/frank-haase-design.de\/en\/\"},{\"@type\":\"ListItem\",\"position\":2,\"name\":\"Galerie\",\"item\":\"https:\/\/frank-haase-design.de\/en\/galerie\/\"},{\"@type\":\"ListItem\",\"position\":3,\"name\":\"Plastik\",\"item\":\"https:\/\/frank-haase-design.de\/galerie\/plastik\/\"},{\"@type\":\"ListItem\",\"position\":4,\"name\":\"Kreisel Oestrich\"}]},{\"@type\":\"WebSite\",\"@id\":\"https:\/\/frank-haase-design.de\/#website\",\"url\":\"https:\/\/frank-haase-design.de\/\",\"name\":\"Frank Haase Design\",\"description\":\"\",\"potentialAction\":[{\"@type\":\"SearchAction\",\"target\":{\"@type\":\"EntryPoint\",\"urlTemplate\":\"https:\/\/frank-haase-design.de\/?s={search_term_string}\"},\"query-input\":{\"@type\":\"PropertyValueSpecification\",\"valueRequired\":true,\"valueName\":\"search_term_string\"}}],\"inLanguage\":\"en-US\"}]}<\/script>\n<!-- \/ Yoast SEO plugin. -->","yoast_head_json":{"title":"Kreisel Oestrich - Frank Haase Design","robots":{"index":"index","follow":"follow","max-snippet":"max-snippet:-1","max-image-preview":"max-image-preview:large","max-video-preview":"max-video-preview:-1"},"canonical":"https:\/\/frank-haase-design.de\/en\/galerie\/plastik\/kreisel-oestrich\/","og_locale":"en_US","og_type":"article","og_title":"Kreisel Oestrich - Frank Haase Design","og_url":"https:\/\/frank-haase-design.de\/en\/galerie\/plastik\/kreisel-oestrich\/","og_site_name":"Frank Haase Design","article_modified_time":"2020-11-18T11:48:52+00:00","og_image":[{"url":"http:\/\/frank-haase-design.de\/wp-content\/uploads\/2015\/11\/Kreisel_Oestrich_01.jpg","type":"","width":"","height":""}],"twitter_card":"summary_large_image","twitter_misc":{"Est. reading time":"7 minutes"},"schema":{"@context":"https:\/\/schema.org","@graph":[{"@type":"WebPage","@id":"https:\/\/frank-haase-design.de\/en\/galerie\/plastik\/kreisel-oestrich\/","url":"https:\/\/frank-haase-design.de\/en\/galerie\/plastik\/kreisel-oestrich\/","name":"Kreisel Oestrich - Frank Haase Design","isPartOf":{"@id":"https:\/\/frank-haase-design.de\/#website"},"primaryImageOfPage":{"@id":"https:\/\/frank-haase-design.de\/en\/galerie\/plastik\/kreisel-oestrich\/#primaryimage"},"image":{"@id":"https:\/\/frank-haase-design.de\/en\/galerie\/plastik\/kreisel-oestrich\/#primaryimage"},"thumbnailUrl":"http:\/\/frank-haase-design.de\/wp-content\/uploads\/2015\/11\/Kreisel_Oestrich_01.jpg","datePublished":"2015-11-11T04:41:02+00:00","dateModified":"2020-11-18T11:48:52+00:00","breadcrumb":{"@id":"https:\/\/frank-haase-design.de\/en\/galerie\/plastik\/kreisel-oestrich\/#breadcrumb"},"inLanguage":"en-US","potentialAction":[{"@type":"ReadAction","target":["https:\/\/frank-haase-design.de\/en\/galerie\/plastik\/kreisel-oestrich\/"]}]},{"@type":"ImageObject","inLanguage":"en-US","@id":"https:\/\/frank-haase-design.de\/en\/galerie\/plastik\/kreisel-oestrich\/#primaryimage","url":"http:\/\/frank-haase-design.de\/wp-content\/uploads\/2015\/11\/Kreisel_Oestrich_01.jpg","contentUrl":"http:\/\/frank-haase-design.de\/wp-content\/uploads\/2015\/11\/Kreisel_Oestrich_01.jpg"},{"@type":"BreadcrumbList","@id":"https:\/\/frank-haase-design.de\/en\/galerie\/plastik\/kreisel-oestrich\/#breadcrumb","itemListElement":[{"@type":"ListItem","position":1,"name":"Home","item":"https:\/\/frank-haase-design.de\/en\/"},{"@type":"ListItem","position":2,"name":"Galerie","item":"https:\/\/frank-haase-design.de\/en\/galerie\/"},{"@type":"ListItem","position":3,"name":"Plastik","item":"https:\/\/frank-haase-design.de\/galerie\/plastik\/"},{"@type":"ListItem","position":4,"name":"Kreisel Oestrich"}]},{"@type":"WebSite","@id":"https:\/\/frank-haase-design.de\/#website","url":"https:\/\/frank-haase-design.de\/","name":"Frank Haase Design","description":"","potentialAction":[{"@type":"SearchAction","target":{"@type":"EntryPoint","urlTemplate":"https:\/\/frank-haase-design.de\/?s={search_term_string}"},"query-input":{"@type":"PropertyValueSpecification","valueRequired":true,"valueName":"search_term_string"}}],"inLanguage":"en-US"}]}},"_links":{"self":[{"href":"https:\/\/frank-haase-design.de\/en\/wp-json\/wp\/v2\/pages\/2620","targetHints":{"allow":["GET"]}}],"collection":[{"href":"https:\/\/frank-haase-design.de\/en\/wp-json\/wp\/v2\/pages"}],"about":[{"href":"https:\/\/frank-haase-design.de\/en\/wp-json\/wp\/v2\/types\/page"}],"author":[{"embeddable":true,"href":"https:\/\/frank-haase-design.de\/en\/wp-json\/wp\/v2\/users\/2"}],"replies":[{"embeddable":true,"href":"https:\/\/frank-haase-design.de\/en\/wp-json\/wp\/v2\/comments?post=2620"}],"version-history":[{"count":3,"href":"https:\/\/frank-haase-design.de\/en\/wp-json\/wp\/v2\/pages\/2620\/revisions"}],"predecessor-version":[{"id":3012,"href":"https:\/\/frank-haase-design.de\/en\/wp-json\/wp\/v2\/pages\/2620\/revisions\/3012"}],"up":[{"embeddable":true,"href":"https:\/\/frank-haase-design.de\/en\/wp-json\/wp\/v2\/pages\/2601"}],"wp:attachment":[{"href":"https:\/\/frank-haase-design.de\/en\/wp-json\/wp\/v2\/media?parent=2620"}],"curies":[{"name":"wp","href":"https:\/\/api.w.org\/{rel}","templated":true}]}}